{"id":1254,"date":"2024-01-20T17:24:32","date_gmt":"2024-01-20T17:24:32","guid":{"rendered":"https:\/\/byteflows.net\/wp\/transpi\/?page_id=1254"},"modified":"2025-03-11T18:01:36","modified_gmt":"2025-03-11T18:01:36","slug":"aviso-de-privacidad","status":"publish","type":"page","link":"https:\/\/refine.com.mx\/en\/aviso-de-privacidad\/","title":{"rendered":"Privacy Notice"},"content":{"rendered":"<div data-elementor-type=\"wp-page\" data-elementor-id=\"1254\" class=\"elementor elementor-1254\">\n\t\t\t\t\t\t<section class=\"elementor-section elementor-top-section elementor-element elementor-element-c3c45c7 elementor-section-boxed elementor-section-height-default elementor-section-height-default\" data-id=\"c3c45c7\" data-element_type=\"section\" data-e-type=\"section\">\n\t\t\t\t\t\t<div class=\"elementor-container elementor-column-gap-default\">\n\t\t\t\t\t<div class=\"elementor-column elementor-col-100 elementor-top-column elementor-element elementor-element-d0485db\" data-id=\"d0485db\" data-element_type=\"column\" data-e-type=\"column\">\n\t\t\t<div class=\"elementor-widget-wrap elementor-element-populated\">\n\t\t\t\t\t\t<div class=\"elementor-element elementor-element-ce80f11 elementor-widget elementor-widget-heading\" data-id=\"ce80f11\" data-element_type=\"widget\" data-e-type=\"widget\" data-widget_type=\"heading.default\">\n\t\t\t\t<div class=\"elementor-widget-container\">\n\t\t\t\t\t<h1 class=\"elementor-heading-title elementor-size-default\">Privacy Notice<\/h1>\t\t\t\t<\/div>\n\t\t\t\t<\/div>\n\t\t\t\t<div class=\"elementor-element elementor-element-8d688f8 elementor-widget elementor-widget-text-editor\" data-id=\"8d688f8\" data-element_type=\"widget\" data-e-type=\"widget\" data-widget_type=\"text-editor.default\">\n\t\t\t\t<div class=\"elementor-widget-container\">\n\t\t\t\t\t\t\t\t\t<p><strong><span style=\"color: #ff0000;\">RECINTOS FISCALIZADOS DEL NORESTE, S.A. DE C.V<\/span><\/strong>., mejor conocido como REFINE, con domicilio en calle BOULEVARD LUIS DONALDO COLOSIO SIN NUMERO, colonia M AG ADUANALES, ciudad REYNOSA, municipio o delegaci\u00f3n REYNOSA, c.p. 88788, en la entidad de TAMAULIPAS, pa\u00eds MEXICO, y portal de internet www.refine.com.mx, es el responsable del uso y protecci\u00f3n de sus datos personales, y al respecto le informamos lo siguiente:.<\/p>\t\t\t\t\t\t\t\t<\/div>\n\t\t\t\t<\/div>\n\t\t\t\t<div class=\"elementor-element elementor-element-4c0d226 elementor-widget elementor-widget-text-editor\" data-id=\"4c0d226\" data-element_type=\"widget\" data-e-type=\"widget\" data-widget_type=\"text-editor.default\">\n\t\t\t\t<div class=\"elementor-widget-container\">\n\t\t\t\t\t\t\t\t\t<h3><strong>\u00bfPara qu\u00e9 fines utilizaremos sus datos personales?<\/strong><\/h3>\t\t\t\t\t\t\t\t<\/div>\n\t\t\t\t<\/div>\n\t\t\t\t<div class=\"elementor-element elementor-element-3839088 elementor-widget elementor-widget-text-editor\" data-id=\"3839088\" data-element_type=\"widget\" data-e-type=\"widget\" data-widget_type=\"text-editor.default\">\n\t\t\t\t<div class=\"elementor-widget-container\">\n\t\t\t\t\t\t\t\t\tUtilizaremos su informaci\u00f3n personal para las siguientes finalidades secundarias que no son necesarias para el servicio solicitado, pero que nos permiten y facilitan brindarle una mejor atenci\u00f3n:\t\t\t\t\t\t\t\t<\/div>\n\t\t\t\t<\/div>\n\t\t\t\t<div class=\"elementor-element elementor-element-9e7be79 elementor-widget elementor-widget-text-editor\" data-id=\"9e7be79\" data-element_type=\"widget\" data-e-type=\"widget\" data-widget_type=\"text-editor.default\">\n\t\t\t\t<div class=\"elementor-widget-container\">\n\t\t\t\t\t\t\t\t\t<ul><li>&#8211; Emisi\u00f3n de documentos en materia aduanal.<\/li><li>&#8211; Para emisi\u00f3n de facturas y documentos contables.<\/li><li>&#8211; Cat\u00e1logo de clientes y proveedores.<\/li><\/ul>\t\t\t\t\t\t\t\t<\/div>\n\t\t\t\t<\/div>\n\t\t\t\t<div class=\"elementor-element elementor-element-08aa6d5 elementor-widget elementor-widget-text-editor\" data-id=\"08aa6d5\" data-element_type=\"widget\" data-e-type=\"widget\" data-widget_type=\"text-editor.default\">\n\t\t\t\t<div class=\"elementor-widget-container\">\n\t\t\t\t\t\t\t\t\tEn caso de que no desee que sus datos personales se utilicen para estos fines secundarios, ind\u00edquelo a continuaci\u00f3n:\n<\/br>\nNo consiento que mis datos personales se utilicen para los siguientes fines:\t\t\t\t\t\t\t\t<\/div>\n\t\t\t\t<\/div>\n\t\t\t\t<div class=\"elementor-element elementor-element-c49dd9f elementor-widget elementor-widget-text-editor\" data-id=\"c49dd9f\" data-element_type=\"widget\" data-e-type=\"widget\" data-widget_type=\"text-editor.default\">\n\t\t\t\t<div class=\"elementor-widget-container\">\n\t\t\t\t\t\t\t\t\t<ul><li>&#8211; Emisio\u0301n de documentos en materia aduanal.<\/li><li>&#8211; Para emisio\u0301n de facturas y documentos contables.<\/li><li>&#8211; Cata\u0301logo de clientes y proveedores.<\/li><\/ul>\t\t\t\t\t\t\t\t<\/div>\n\t\t\t\t<\/div>\n\t\t\t\t<div class=\"elementor-element elementor-element-a0eb9a2 elementor-widget elementor-widget-text-editor\" data-id=\"a0eb9a2\" data-element_type=\"widget\" data-e-type=\"widget\" data-widget_type=\"text-editor.default\">\n\t\t\t\t<div class=\"elementor-widget-container\">\n\t\t\t\t\t\t\t\t\tLa negativa para el uso de sus datos personales para estas finalidades no podra\u0301 ser un motivo para que le neguemos los servicios y productos que solicita o contrata con nosotros.\t\t\t\t\t\t\t\t<\/div>\n\t\t\t\t<\/div>\n\t\t\t\t<div class=\"elementor-element elementor-element-2ed6add elementor-widget elementor-widget-text-editor\" data-id=\"2ed6add\" data-element_type=\"widget\" data-e-type=\"widget\" data-widget_type=\"text-editor.default\">\n\t\t\t\t<div class=\"elementor-widget-container\">\n\t\t\t\t\t\t\t\t\t<h3><strong>\u00bfQue\u0301 datos personales utilizaremos para estos fines?<\/strong><\/h3>\t\t\t\t\t\t\t\t<\/div>\n\t\t\t\t<\/div>\n\t\t\t\t<div class=\"elementor-element elementor-element-39d0d8b elementor-widget elementor-widget-text-editor\" data-id=\"39d0d8b\" data-element_type=\"widget\" data-e-type=\"widget\" data-widget_type=\"text-editor.default\">\n\t\t\t\t<div class=\"elementor-widget-container\">\n\t\t\t\t\t\t\t\t\t<p>Para llevar a cabo las finalidades descritas en el presente aviso de privacidad, utilizaremos los siguientes datos personales:<\/p><ul><li>&#8211; Datos de contacto.<\/li><\/ul>\t\t\t\t\t\t\t\t<\/div>\n\t\t\t\t<\/div>\n\t\t\t\t<div class=\"elementor-element elementor-element-b213d87 elementor-widget elementor-widget-text-editor\" data-id=\"b213d87\" data-element_type=\"widget\" data-e-type=\"widget\" data-widget_type=\"text-editor.default\">\n\t\t\t\t<div class=\"elementor-widget-container\">\n\t\t\t\t\t\t\t\t\t<ul><li>Nombre de la persona o departamento de datos personales: TOMAS REYES MELENDEZ<\/li><li>Domicilio: Calle Boulevard LUIS DONALDO COLOSIO S\/N, colonia MAG ADUANALES, ciudad REYNOSA, municipio o delegacio\u0301n REYNOSA, c.p. 88788, en la entidad de TAMAULIPAS, pai\u0301s Me\u0301xico.<\/li><li>Correo electro\u0301nico: tomas.reyes@onestopgroup.com<\/li><li>Nu\u0301mero telefo\u0301nico: \u202d899 441 0240\u202c<\/li><\/ul>\t\t\t\t\t\t\t\t<\/div>\n\t\t\t\t<\/div>\n\t\t\t\t<div class=\"elementor-element elementor-element-1123b61 elementor-widget elementor-widget-text-editor\" data-id=\"1123b61\" data-element_type=\"widget\" data-e-type=\"widget\" data-widget_type=\"text-editor.default\">\n\t\t\t\t<div class=\"elementor-widget-container\">\n\t\t\t\t\t\t\t\t\t<h3><strong>\u00bfCo\u0301mo puede acceder, rectificar o cancelar sus datos personales, u oponerse a su uso?<\/strong><\/h3>\t\t\t\t\t\t\t\t<\/div>\n\t\t\t\t<\/div>\n\t\t\t\t<div class=\"elementor-element elementor-element-2a619aa elementor-widget elementor-widget-text-editor\" data-id=\"2a619aa\" data-element_type=\"widget\" data-e-type=\"widget\" data-widget_type=\"text-editor.default\">\n\t\t\t\t<div class=\"elementor-widget-container\">\n\t\t\t\t\t\t\t\t\tUsted tiene derecho a conocer que\u0301 datos personales tenemos de usted, para que\u0301 los utilizamos y las condiciones del uso que les damos (Acceso). Asimismo, es su derecho solicitar la correccio\u0301n de su informacio\u0301n personal en caso de que este\u0301 desactualizada, sea inexacta o incompleta (Rectificacio\u0301n); que la eliminemos de nuestros registros o bases de datos cuando considere que la misma no esta\u0301 siendo utilizada adecuadamente (Cancelacio\u0301n); asi\u0301 como oponerse al uso de sus datos personales para fines especi\u0301ficos (Oposicio\u0301n). Estos derechos se conocen como derechos ARCO.\t\t\t\t\t\t\t\t<\/div>\n\t\t\t\t<\/div>\n\t\t\t\t<div class=\"elementor-element elementor-element-af0ae6c elementor-widget elementor-widget-text-editor\" data-id=\"af0ae6c\" data-element_type=\"widget\" data-e-type=\"widget\" data-widget_type=\"text-editor.default\">\n\t\t\t\t<div class=\"elementor-widget-container\">\n\t\t\t\t\t\t\t\t\t<p>Para el ejercicio de cualquiera de los derechos ARCO, usted debera\u0301 presentar la solicitud respectiva a trave\u0301s del siguiente medio:<\/p><ul><li>&#8211; Pa\u0301gina web<\/li><\/ul>\t\t\t\t\t\t\t\t<\/div>\n\t\t\t\t<\/div>\n\t\t\t\t<div class=\"elementor-element elementor-element-2afd807 elementor-widget elementor-widget-text-editor\" data-id=\"2afd807\" data-element_type=\"widget\" data-e-type=\"widget\" data-widget_type=\"text-editor.default\">\n\t\t\t\t<div class=\"elementor-widget-container\">\n\t\t\t\t\t\t\t\t\t<p>Para conocer el procedimiento y requisitos para el ejercicio de los derechos ARCO, ponemos a su disposicio\u0301n el siguiente medio:<\/p><div class=\"page\" title=\"Page 2\"><div class=\"layoutArea\"><div class=\"column\"><ul><li>&#8211; Pa\u0301gina web<\/li><\/ul><\/div><\/div><\/div>\t\t\t\t\t\t\t\t<\/div>\n\t\t\t\t<\/div>\n\t\t\t\t<div class=\"elementor-element elementor-element-f495836 elementor-widget elementor-widget-text-editor\" data-id=\"f495836\" data-element_type=\"widget\" data-e-type=\"widget\" data-widget_type=\"text-editor.default\">\n\t\t\t\t<div class=\"elementor-widget-container\">\n\t\t\t\t\t\t\t\t\t<p>Los datos de contacto de la persona o departamento de datos personales, que esta\u0301 a cargo de dar tra\u0301mite a las solicitudes de derechos ARCO, son los siguientes:<\/p>\t\t\t\t\t\t\t\t<\/div>\n\t\t\t\t<\/div>\n\t\t\t\t<div class=\"elementor-element elementor-element-3cbb469 elementor-widget elementor-widget-text-editor\" data-id=\"3cbb469\" data-element_type=\"widget\" data-e-type=\"widget\" data-widget_type=\"text-editor.default\">\n\t\t\t\t<div class=\"elementor-widget-container\">\n\t\t\t\t\t\t\t\t\t<ul><li>a) Nombre de la persona o departamento de datos personales: TOMAS REYES MELENDEZ<\/li><li>b) Domicilio: calle Boulevard LUIS DONALDO COLOSIO S\/N, colonia MAG ADUANALES, ciudad REYNOSA, municipio o delegacio\u0301n REYNOSA, c.p. 88788, en la entidad de TAMAULIPAS, pai\u0301s Me\u0301xico.<\/li><li>c) Correo electro\u0301nico: tomas.reyes@onestopgroup.com<\/li><li>d) Nu\u0301mero telefo\u0301nico: \u202d899 280 5555\u202c<\/li><\/ul>\t\t\t\t\t\t\t\t<\/div>\n\t\t\t\t<\/div>\n\t\t\t\t<div class=\"elementor-element elementor-element-e6dced7 elementor-widget elementor-widget-text-editor\" data-id=\"e6dced7\" data-element_type=\"widget\" data-e-type=\"widget\" data-widget_type=\"text-editor.default\">\n\t\t\t\t<div class=\"elementor-widget-container\">\n\t\t\t\t\t\t\t\t\t<h3><strong>Revocacio\u0301n de consentimiento de uso de datos personales.<\/strong><\/h3>\t\t\t\t\t\t\t\t<\/div>\n\t\t\t\t<\/div>\n\t\t\t\t<div class=\"elementor-element elementor-element-597791e elementor-widget elementor-widget-text-editor\" data-id=\"597791e\" data-element_type=\"widget\" data-e-type=\"widget\" data-widget_type=\"text-editor.default\">\n\t\t\t\t<div class=\"elementor-widget-container\">\n\t\t\t\t\t\t\t\t\tUsted puede revocar el consentimiento que, en su caso, nos haya otorgado para el tratamiento de sus datos personales. Sin embargo, es importante que tenga en cuenta que no en todos los casos podremos atender su solicitud o concluir el uso de forma inmediata, ya que es posible que por alguna obligaci\u00f3n legal requiramos seguir tratando sus datos personales. Asimismo, usted deber\u00e1 considerar que para ciertos fines, la revocaci\u00f3n de su consentimiento implicar\u00e1 que no le podamos seguir prestando el servicio que nos solicit\u00f3, o la conclusi\u00f3n de su relaci\u00f3n con nosotros.\t\t\t\t\t\t\t\t<\/div>\n\t\t\t\t<\/div>\n\t\t\t\t<div class=\"elementor-element elementor-element-986f669 elementor-widget elementor-widget-text-editor\" data-id=\"986f669\" data-element_type=\"widget\" data-e-type=\"widget\" data-widget_type=\"text-editor.default\">\n\t\t\t\t<div class=\"elementor-widget-container\">\n\t\t\t\t\t\t\t\t\t<p>Para revocar su consentimiento debera\u0301 presentar su solicitud a trave\u0301s del siguiente medio:<\/p><div class=\"page\" title=\"Page 2\"><div class=\"layoutArea\"><div class=\"column\"><ul><li>&#8211; Correo electro\u0301nico.<\/li><\/ul><\/div><\/div><\/div>\t\t\t\t\t\t\t\t<\/div>\n\t\t\t\t<\/div>\n\t\t\t\t<div class=\"elementor-element elementor-element-6b84484 elementor-widget elementor-widget-text-editor\" data-id=\"6b84484\" data-element_type=\"widget\" data-e-type=\"widget\" data-widget_type=\"text-editor.default\">\n\t\t\t\t<div class=\"elementor-widget-container\">\n\t\t\t\t\t\t\t\t\t<p>Para conocer el procedimiento y requisitos para la revocacio\u0301n del consentimiento, ponemos a su disposicio\u0301n el siguiente medio:<\/p><div class=\"page\" title=\"Page 2\"><div class=\"layoutArea\"><div class=\"column\"><ul><li>&#8211; Correo electro\u0301nico.<\/li><\/ul><\/div><\/div><\/div>\t\t\t\t\t\t\t\t<\/div>\n\t\t\t\t<\/div>\n\t\t\t\t<div class=\"elementor-element elementor-element-f28074b elementor-widget elementor-widget-text-editor\" data-id=\"f28074b\" data-element_type=\"widget\" data-e-type=\"widget\" data-widget_type=\"text-editor.default\">\n\t\t\t\t<div class=\"elementor-widget-container\">\n\t\t\t\t\t\t\t\t\t<h3><strong>\u00bfCo\u0301mo puede limitar el uso o divulgacio\u0301n de su informacio\u0301n personal?<\/strong><\/h3>\t\t\t\t\t\t\t\t<\/div>\n\t\t\t\t<\/div>\n\t\t\t\t<div class=\"elementor-element elementor-element-8ca4a27 elementor-widget elementor-widget-text-editor\" data-id=\"8ca4a27\" data-element_type=\"widget\" data-e-type=\"widget\" data-widget_type=\"text-editor.default\">\n\t\t\t\t<div class=\"elementor-widget-container\">\n\t\t\t\t\t\t\t\t\t<p>Con objeto de que usted pueda limitar el uso y divulgacio\u0301n de su informacio\u0301n personal, le ofrecemos los siguientes medios:<\/p><div class=\"page\" title=\"Page 2\"><div class=\"layoutArea\"><div class=\"column\"><ul><li>&#8211; Correo electro\u0301nico.<\/li><\/ul><div class=\"page\" title=\"Page 2\"><div class=\"layoutArea\">\u00a0<\/div><\/div><\/div><\/div><\/div>\t\t\t\t\t\t\t\t<\/div>\n\t\t\t\t<\/div>\n\t\t\t\t<div class=\"elementor-element elementor-element-d2f7906 elementor-widget elementor-widget-text-editor\" data-id=\"d2f7906\" data-element_type=\"widget\" data-e-type=\"widget\" data-widget_type=\"text-editor.default\">\n\t\t\t\t<div class=\"elementor-widget-container\">\n\t\t\t\t\t\t\t\t\t<h3><strong>\u00bfCo\u0301mo puede conocer los cambios en este aviso de privacidad?<\/strong><\/h3><div class=\"page\" title=\"Page 2\"><div class=\"layoutArea\"><div class=\"column\"><div class=\"page\" title=\"Page 2\"><div class=\"layoutArea\">\u00a0<\/div><\/div><\/div><\/div><\/div>\t\t\t\t\t\t\t\t<\/div>\n\t\t\t\t<\/div>\n\t\t\t\t<div class=\"elementor-element elementor-element-4ec6f85 elementor-widget elementor-widget-text-editor\" data-id=\"4ec6f85\" data-element_type=\"widget\" data-e-type=\"widget\" data-widget_type=\"text-editor.default\">\n\t\t\t\t<div class=\"elementor-widget-container\">\n\t\t\t\t\t\t\t\t\tEl presente aviso de privacidad puede sufrir modificaciones, cambios o actualizaciones derivadas de nuevos requerimientos legales; de nuestras propias necesidades por los productos o servicios que ofrecemos; de nuestras pr\u00e1cticas de privacidad; de cambios en nuestro modelo de negocio, o por otras causas. Nos comprometemos a mantenerlo informado sobre los cambios que pueda sufrir el presente aviso de privacidad, a trav\u00e9s de correo electr\u00f3nico.\t\t\t\t\t\t\t\t<\/div>\n\t\t\t\t<\/div>\n\t\t\t\t<div class=\"elementor-element elementor-element-ddeb27d elementor-widget elementor-widget-text-editor\" data-id=\"ddeb27d\" data-element_type=\"widget\" data-e-type=\"widget\" data-widget_type=\"text-editor.default\">\n\t\t\t\t<div class=\"elementor-widget-container\">\n\t\t\t\t\t\t\t\t\t<p>El procedimiento a trav\u00e9s del cual se llevar\u00e1n a cabo las notificaciones sobre cambios o actualizaciones al presente aviso de privacidad es el siguiente:<\/p>\t\t\t\t\t\t\t\t<\/div>\n\t\t\t\t<\/div>\n\t\t\t\t<div class=\"elementor-element elementor-element-a400758 elementor-widget elementor-widget-text-editor\" data-id=\"a400758\" data-element_type=\"widget\" data-e-type=\"widget\" data-widget_type=\"text-editor.default\">\n\t\t\t\t<div class=\"elementor-widget-container\">\n\t\t\t\t\t\t\t\t\t<p>El procedimiento a trave\u0301s del cual se llevara\u0301n a cabo las notificaciones sobre cambios o actualizaciones al presente aviso de privacidad es el siguiente:<\/p><div class=\"page\" title=\"Page 2\"><div class=\"layoutArea\"><div class=\"column\"><ul><li>&#8211; Pa\u0301gina de internet.<\/li><li>&#8211; Correo electro\u0301nico.<\/li><\/ul><\/div><\/div><\/div>\t\t\t\t\t\t\t\t<\/div>\n\t\t\t\t<\/div>\n\t\t\t\t<div class=\"elementor-element elementor-element-34d0642 elementor-widget elementor-widget-text-editor\" data-id=\"34d0642\" data-element_type=\"widget\" data-e-type=\"widget\" data-widget_type=\"text-editor.default\">\n\t\t\t\t<div class=\"elementor-widget-container\">\n\t\t\t\t\t\t\t\t\t<p><span style=\"color: #ff0000;\">U\u0301ltima actualizacio\u0301n: 26\/09\/2022.<\/span><\/p>\t\t\t\t\t\t\t\t<\/div>\n\t\t\t\t<\/div>\n\t\t\t\t<div class=\"elementor-element elementor-element-a886a51 elementor-align-center elementor-widget elementor-widget-button\" data-id=\"a886a51\" data-element_type=\"widget\" data-e-type=\"widget\" data-widget_type=\"button.default\">\n\t\t\t\t<div class=\"elementor-widget-container\">\n\t\t\t\t\t\t\t\t\t<div class=\"elementor-button-wrapper\">\n\t\t\t\t\t<a class=\"elementor-button elementor-button-link elementor-size-sm\" href=\"https:\/\/refine.com.mx\/wp-content\/uploads\/2025\/01\/Anexo-A-Aviso-de-Privacidad-2022-2023.pdf\" target=\"_blank\">\n\t\t\t\t\t\t<span class=\"elementor-button-content-wrapper\">\n\t\t\t\t\t\t\t\t\t<span class=\"elementor-button-text\">DESCARGAR AVISO DE PRIVACIDAD<\/span>\n\t\t\t\t\t<\/span>\n\t\t\t\t\t<\/a>\n\t\t\t\t<\/div>\n\t\t\t\t\t\t\t\t<\/div>\n\t\t\t\t<\/div>\n\t\t\t\t\t<\/div>\n\t\t<\/div>\n\t\t\t\t\t<\/div>\n\t\t<\/section>\n\t\t\t\t<\/div>","protected":false},"excerpt":{"rendered":"<p>Aviso de Privacidad RECINTOS FISCALIZADOS DEL NORESTE, S.A. DE C.V., mejor conocido como REFINE, con domicilio en calle BOULEVARD LUIS DONALDO COLOSIO SIN NUMERO, colonia M AG ADUANALES, ciudad REYNOSA, municipio o delegaci\u00f3n REYNOSA, c.p. 88788, en la entidad de TAMAULIPAS, pa\u00eds MEXICO, y portal de internet www.refine.com.mx, es el responsable del uso y protecci\u00f3n [&hellip;]<\/p>\n","protected":false},"author":1,"featured_media":0,"parent":0,"menu_order":0,"comment_status":"closed","ping_status":"closed","template":"elementor_header_footer","meta":{"_joinchat":[],"footnotes":""},"class_list":["post-1254","page","type-page","status-publish","hentry"],"_links":{"self":[{"href":"https:\/\/refine.com.mx\/en\/wp-json\/wp\/v2\/pages\/1254","targetHints":{"allow":["GET"]}}],"collection":[{"href":"https:\/\/refine.com.mx\/en\/wp-json\/wp\/v2\/pages"}],"about":[{"href":"https:\/\/refine.com.mx\/en\/wp-json\/wp\/v2\/types\/page"}],"author":[{"embeddable":true,"href":"https:\/\/refine.com.mx\/en\/wp-json\/wp\/v2\/users\/1"}],"replies":[{"embeddable":true,"href":"https:\/\/refine.com.mx\/en\/wp-json\/wp\/v2\/comments?post=1254"}],"version-history":[{"count":0,"href":"https:\/\/refine.com.mx\/en\/wp-json\/wp\/v2\/pages\/1254\/revisions"}],"wp:attachment":[{"href":"https:\/\/refine.com.mx\/en\/wp-json\/wp\/v2\/media?parent=1254"}],"curies":[{"name":"wp","href":"https:\/\/api.w.org\/{rel}","templated":true}]}}