{"id":2476,"date":"2026-02-26T19:54:40","date_gmt":"2026-02-26T19:54:40","guid":{"rendered":"https:\/\/refine.com.mx\/?page_id=2476"},"modified":"2026-02-26T20:05:50","modified_gmt":"2026-02-26T20:05:50","slug":"liga-para-asesoria","status":"publish","type":"page","link":"https:\/\/refine.com.mx\/en\/liga-para-asesoria\/","title":{"rendered":"Liga para Asesor\u00eda"},"content":{"rendered":"<div data-elementor-type=\"wp-page\" data-elementor-id=\"2476\" class=\"elementor elementor-2476\">\n\t\t\t\t\t\t<section class=\"elementor-section elementor-top-section elementor-element elementor-element-610ef7d elementor-section-boxed elementor-section-height-default elementor-section-height-default\" data-id=\"610ef7d\" data-element_type=\"section\" data-e-type=\"section\">\n\t\t\t\t\t\t<div class=\"elementor-container elementor-column-gap-default\">\n\t\t\t\t\t<div class=\"elementor-column elementor-col-50 elementor-top-column elementor-element elementor-element-53be92cb\" data-id=\"53be92cb\" data-element_type=\"column\" data-e-type=\"column\">\n\t\t\t<div class=\"elementor-widget-wrap elementor-element-populated\">\n\t\t\t\t\t\t<div class=\"elementor-element elementor-element-17443567 elementor-widget elementor-widget-image\" data-id=\"17443567\" data-element_type=\"widget\" data-e-type=\"widget\" data-widget_type=\"image.default\">\n\t\t\t\t<div class=\"elementor-widget-container\">\n\t\t\t\t\t\t\t\t\t\t\t\t\t\t\t<img fetchpriority=\"high\" decoding=\"async\" width=\"1080\" height=\"1080\" src=\"https:\/\/refine.com.mx\/wp-content\/uploads\/2026\/02\/google-meet-refine.png\" class=\"attachment-full size-full wp-image-2479\" alt=\"\" srcset=\"https:\/\/refine.com.mx\/wp-content\/uploads\/2026\/02\/google-meet-refine.png 1080w, https:\/\/refine.com.mx\/wp-content\/uploads\/2026\/02\/google-meet-refine-300x300.png 300w, https:\/\/refine.com.mx\/wp-content\/uploads\/2026\/02\/google-meet-refine-1024x1024.png 1024w, https:\/\/refine.com.mx\/wp-content\/uploads\/2026\/02\/google-meet-refine-150x150.png 150w, https:\/\/refine.com.mx\/wp-content\/uploads\/2026\/02\/google-meet-refine-768x768.png 768w, https:\/\/refine.com.mx\/wp-content\/uploads\/2026\/02\/google-meet-refine-12x12.png 12w\" sizes=\"(max-width: 1080px) 100vw, 1080px\" \/>\t\t\t\t\t\t\t\t\t\t\t\t\t\t\t<\/div>\n\t\t\t\t<\/div>\n\t\t\t\t\t<\/div>\n\t\t<\/div>\n\t\t\t\t<div class=\"elementor-column elementor-col-50 elementor-top-column elementor-element elementor-element-8118c3a\" data-id=\"8118c3a\" data-element_type=\"column\" data-e-type=\"column\">\n\t\t\t<div class=\"elementor-widget-wrap elementor-element-populated\">\n\t\t\t\t\t\t<section class=\"elementor-section elementor-inner-section elementor-element elementor-element-6414cd61 elementor-section-full_width elementor-section-height-default elementor-section-height-default\" data-id=\"6414cd61\" data-element_type=\"section\" data-e-type=\"section\">\n\t\t\t\t\t\t<div class=\"elementor-container elementor-column-gap-no\">\n\t\t\t\t\t<div class=\"elementor-column elementor-col-100 elementor-inner-column elementor-element elementor-element-48f44ce4\" data-id=\"48f44ce4\" data-element_type=\"column\" data-e-type=\"column\">\n\t\t\t<div class=\"elementor-widget-wrap elementor-element-populated\">\n\t\t\t\t\t\t<div class=\"elementor-element elementor-element-9751760 elementor-widget elementor-widget-heading\" data-id=\"9751760\" data-element_type=\"widget\" data-e-type=\"widget\" data-widget_type=\"heading.default\">\n\t\t\t\t<div class=\"elementor-widget-container\">\n\t\t\t\t\t<h2 class=\"elementor-heading-title elementor-size-default\">\u00a1Tu asesor\u00eda est\u00e1 confirmada!<\/h2>\t\t\t\t<\/div>\n\t\t\t\t<\/div>\n\t\t\t\t<div class=\"elementor-element elementor-element-53b54cf elementor-widget elementor-widget-text-editor\" data-id=\"53b54cf\" data-element_type=\"widget\" data-e-type=\"widget\" data-widget_type=\"text-editor.default\">\n\t\t\t\t<div class=\"elementor-widget-container\">\n\t\t\t\t\t\t\t\t\t<p>Gracias por completar el formulario.<br data-start=\"186\" data-end=\"189\" \/>Hemos recibido tu informaci\u00f3n correctamente y estamos listos para apoyarte.<\/p>\t\t\t\t\t\t\t\t<\/div>\n\t\t\t\t<\/div>\n\t\t\t\t<div class=\"elementor-element elementor-element-ab8c721 elementor-widget elementor-widget-text-editor\" data-id=\"ab8c721\" data-element_type=\"widget\" data-e-type=\"widget\" data-widget_type=\"text-editor.default\">\n\t\t\t\t<div class=\"elementor-widget-container\">\n\t\t\t\t\t\t\t\t\t<p><strong>Accede a tu reuni\u00f3n en el siguiente enlace:<\/strong><\/p>\t\t\t\t\t\t\t\t<\/div>\n\t\t\t\t<\/div>\n\t\t\t\t<div class=\"elementor-element elementor-element-d295082 elementor-widget elementor-widget-text-editor\" data-id=\"d295082\" data-element_type=\"widget\" data-e-type=\"widget\" data-widget_type=\"text-editor.default\">\n\t\t\t\t<div class=\"elementor-widget-container\">\n\t\t\t\t\t\t\t\t\t<p>\ud83d\udc49 <span style=\"color: #3366ff;\"><a class=\"decorated-link\" style=\"color: #3366ff;\" href=\"https:\/\/meet.google.com\/emv-qgbv-uig\" target=\"_new\" rel=\"noopener\" data-start=\"320\" data-end=\"356\">https:\/\/meet.google.com\/emv-qgbv-uig<\/a><\/span><\/p>\t\t\t\t\t\t\t\t<\/div>\n\t\t\t\t<\/div>\n\t\t\t\t<div class=\"elementor-element elementor-element-02667e8 elementor-widget elementor-widget-text-editor\" data-id=\"02667e8\" data-element_type=\"widget\" data-e-type=\"widget\" data-widget_type=\"text-editor.default\">\n\t\t\t\t<div class=\"elementor-widget-container\">\n\t\t\t\t\t\t\t\t\t<p>Te recomendamos conectarte 5 minutos antes de la hora programada y verificar tu conexi\u00f3n a internet y audio.<\/p>\t\t\t\t\t\t\t\t<\/div>\n\t\t\t\t<\/div>\n\t\t\t\t<div class=\"elementor-element elementor-element-e3f2fb6 elementor-widget elementor-widget-text-editor\" data-id=\"e3f2fb6\" data-element_type=\"widget\" data-e-type=\"widget\" data-widget_type=\"text-editor.default\">\n\t\t\t\t<div class=\"elementor-widget-container\">\n\t\t\t\t\t\t\t\t\t<p data-start=\"470\" data-end=\"567\">Ser\u00e1 un gusto ayudarte a resolver tus dudas y brindarte una asesor\u00eda estrat\u00e9gica y personalizada.<\/p><p data-start=\"569\" data-end=\"594\" data-is-last-node=\"\" data-is-only-node=\"\">Nos vemos en la sesi\u00f3n<\/p>\t\t\t\t\t\t\t\t<\/div>\n\t\t\t\t<\/div>\n\t\t\t\t\t<\/div>\n\t\t<\/div>\n\t\t\t\t\t<\/div>\n\t\t<\/section>\n\t\t\t\t\t<\/div>\n\t\t<\/div>\n\t\t\t\t\t<\/div>\n\t\t<\/section>\n\t\t\t\t<\/div>","protected":false},"excerpt":{"rendered":"<p>\u00a1Tu asesor\u00eda est\u00e1 confirmada! Gracias por completar el formulario.Hemos recibido tu informaci\u00f3n correctamente y estamos listos para apoyarte. Accede a tu reuni\u00f3n en el siguiente enlace: \ud83d\udc49 https:\/\/meet.google.com\/emv-qgbv-uig Te recomendamos conectarte 5 minutos antes de la hora programada y verificar tu conexi\u00f3n a internet y audio. Ser\u00e1 un gusto ayudarte a resolver tus dudas y [&hellip;]<\/p>\n","protected":false},"author":1,"featured_media":0,"parent":0,"menu_order":0,"comment_status":"closed","ping_status":"closed","template":"elementor_header_footer","meta":{"_joinchat":[],"footnotes":""},"class_list":["post-2476","page","type-page","status-publish","hentry"],"_links":{"self":[{"href":"https:\/\/refine.com.mx\/en\/wp-json\/wp\/v2\/pages\/2476","targetHints":{"allow":["GET"]}}],"collection":[{"href":"https:\/\/refine.com.mx\/en\/wp-json\/wp\/v2\/pages"}],"about":[{"href":"https:\/\/refine.com.mx\/en\/wp-json\/wp\/v2\/types\/page"}],"author":[{"embeddable":true,"href":"https:\/\/refine.com.mx\/en\/wp-json\/wp\/v2\/users\/1"}],"replies":[{"embeddable":true,"href":"https:\/\/refine.com.mx\/en\/wp-json\/wp\/v2\/comments?post=2476"}],"version-history":[{"count":9,"href":"https:\/\/refine.com.mx\/en\/wp-json\/wp\/v2\/pages\/2476\/revisions"}],"predecessor-version":[{"id":2488,"href":"https:\/\/refine.com.mx\/en\/wp-json\/wp\/v2\/pages\/2476\/revisions\/2488"}],"wp:attachment":[{"href":"https:\/\/refine.com.mx\/en\/wp-json\/wp\/v2\/media?parent=2476"}],"curies":[{"name":"wp","href":"https:\/\/api.w.org\/{rel}","templated":true}]}}