{"id":35,"date":"2023-12-08T18:02:58","date_gmt":"2023-12-08T18:02:58","guid":{"rendered":"https:\/\/byteflows.net\/wp\/transpi\/?page_id=35"},"modified":"2025-03-24T16:20:59","modified_gmt":"2025-03-24T16:20:59","slug":"contacto","status":"publish","type":"page","link":"https:\/\/refine.com.mx\/en\/contacto\/","title":{"rendered":"Contact Us"},"content":{"rendered":"\t\t<div data-elementor-type=\"wp-page\" data-elementor-id=\"35\" class=\"elementor elementor-35\">\n\t\t\t\t\t\t<section class=\"elementor-section elementor-top-section elementor-element elementor-element-ead9618 elementor-section-boxed elementor-section-height-default elementor-section-height-default\" data-id=\"ead9618\" data-element_type=\"section\" data-e-type=\"section\">\n\t\t\t\t\t\t<div class=\"elementor-container elementor-column-gap-default\">\n\t\t\t\t\t<div class=\"elementor-column elementor-col-33 elementor-top-column elementor-element elementor-element-655f7ff\" data-id=\"655f7ff\" data-element_type=\"column\" data-e-type=\"column\">\n\t\t\t<div class=\"elementor-widget-wrap elementor-element-populated\">\n\t\t\t\t\t\t<div class=\"elementor-element elementor-element-6851ad5 elementor-widget elementor-widget-transpi-heading\" data-id=\"6851ad5\" data-element_type=\"widget\" data-e-type=\"widget\" data-widget_type=\"transpi-heading.default\">\n\t\t\t\t<div class=\"elementor-widget-container\">\n\t\t\t\t\t<div class=\"transpi__section-heading transpialigh\">\r\n        <div class=\"transpi__sub-heaind\">\r\n        <span>Cont\u00e1ctanos<\/span>\r\n    <\/div>\r\n        <h2 class=\"transpi__heading-title spilit__enable split-in-right\">Te invitamos a conversar con uno de nuestros\n asesores expertos<\/h2>    <\/div>\t\t\t\t<\/div>\n\t\t\t\t<\/div>\n\t\t\t\t<div class=\"elementor-element elementor-element-9d08f5a elementor-widget elementor-widget-transpi-ct-info\" data-id=\"9d08f5a\" data-element_type=\"widget\" data-e-type=\"widget\" data-widget_type=\"transpi-ct-info.default\">\n\t\t\t\t<div class=\"elementor-widget-container\">\n\t\t\t\t\t\t\r\n        <div class=\"transpi__contatc-info\">\r\n            <div class=\"info__content-icon\">\r\n                <i aria-hidden=\"true\" class=\"fas fa-mobile-alt\"><\/i>            <\/div>\r\n            <div class=\"info__content-txt\">\r\n                <h4>Ll\u00e1manos<\/h4>\r\n                <h5><a href=\"tel:899 167 1615\">899 167 1615<\/a><\/h5>            <\/div>\r\n        <\/div>\r\n    \t\t\t\t<\/div>\n\t\t\t\t<\/div>\n\t\t\t\t<div class=\"elementor-element elementor-element-5d6cc71 elementor-widget elementor-widget-transpi-ct-info\" data-id=\"5d6cc71\" data-element_type=\"widget\" data-e-type=\"widget\" data-widget_type=\"transpi-ct-info.default\">\n\t\t\t\t<div class=\"elementor-widget-container\">\n\t\t\t\t\t\t\r\n        <div class=\"transpi__contatc-info\">\r\n            <div class=\"info__content-icon\">\r\n                <i aria-hidden=\"true\" class=\"fas fa-envelope-open-text\"><\/i>            <\/div>\r\n            <div class=\"info__content-txt\">\r\n                <h4>Escr\u00edbenos<\/h4>\r\n                <h5><a href=\"mailto:tomas.reyes@onestopgroup.com\">tomas.reyes@onestopgroup.com<\/a><\/h5>            <\/div>\r\n        <\/div>\r\n    \t\t\t\t<\/div>\n\t\t\t\t<\/div>\n\t\t\t\t<div class=\"elementor-element elementor-element-2badf1f elementor-widget elementor-widget-transpi-ct-info\" data-id=\"2badf1f\" data-element_type=\"widget\" data-e-type=\"widget\" data-widget_type=\"transpi-ct-info.default\">\n\t\t\t\t<div class=\"elementor-widget-container\">\n\t\t\t\t\t\t\r\n        <div class=\"transpi__contatc-info\">\r\n            <div class=\"info__content-icon\">\r\n                <i aria-hidden=\"true\" class=\"fas fa-map-marker-alt\"><\/i>            <\/div>\r\n            <div class=\"info__content-txt\">\r\n                <h4>Ub\u00edcanos en<\/h4>\r\n                <p>Blvd. Luis Donaldo Colosio 200 M.A.G. Aduanales, Reynosa, Tamaulipas 88786 Mexico<\/p>            <\/div>\r\n        <\/div>\r\n    \t\t\t\t<\/div>\n\t\t\t\t<\/div>\n\t\t\t\t\t<\/div>\n\t\t<\/div>\n\t\t\t\t<div class=\"elementor-column elementor-col-66 elementor-top-column elementor-element elementor-element-1f0dbb5\" data-id=\"1f0dbb5\" data-element_type=\"column\" data-e-type=\"column\">\n\t\t\t<div class=\"elementor-widget-wrap elementor-element-populated\">\n\t\t\t\t\t\t<section class=\"elementor-section elementor-inner-section elementor-element elementor-element-64ac131 elementor-section-full_width elementor-section-height-default elementor-section-height-default\" data-id=\"64ac131\" data-element_type=\"section\" data-e-type=\"section\">\n\t\t\t\t\t\t<div class=\"elementor-container elementor-column-gap-no\">\n\t\t\t\t\t<div class=\"elementor-column elementor-col-100 elementor-inner-column elementor-element elementor-element-91b63f5\" data-id=\"91b63f5\" data-element_type=\"column\" data-e-type=\"column\" data-settings=\"{&quot;background_background&quot;:&quot;classic&quot;}\">\n\t\t\t<div class=\"elementor-widget-wrap elementor-element-populated\">\n\t\t\t\t\t\t<div class=\"elementor-element elementor-element-fa031a0 elementor-widget elementor-widget-transpi-heading\" data-id=\"fa031a0\" data-element_type=\"widget\" data-e-type=\"widget\" data-widget_type=\"transpi-heading.default\">\n\t\t\t\t<div class=\"elementor-widget-container\">\n\t\t\t\t\t<div class=\"transpi__section-heading transpialigh\">\r\n        <div class=\"transpi__sub-heaind\">\r\n        <span>Estamos aqu\u00ed<\/span>\r\n    <\/div>\r\n        <h2 class=\"transpi__heading-title spilit__enable split-in-right\">Para Ofrecerte Soluciones<\/h2>            <p>D\u00e9janos tu informaci\u00f3n de contacto y un Asesor Log\u00edstico se comunicar\u00e1 en breve para darte todas las respuestas que necesitas.<\/p>\r\n    <\/div>\t\t\t\t<\/div>\n\t\t\t\t<\/div>\n\t\t\t\t<div class=\"elementor-element elementor-element-283f2d9 elementor-widget elementor-widget-wpforms\" data-id=\"283f2d9\" data-element_type=\"widget\" data-e-type=\"widget\" data-widget_type=\"wpforms.default\">\n\t\t\t\t<div class=\"elementor-widget-container\">\n\t\t\t\t\t<div class=\"wpforms-container wpforms-container-full wpforms-render-modern\" id=\"wpforms-2024\"><form id=\"wpforms-form-2024\" class=\"wpforms-validate wpforms-form wpforms-ajax-form\" data-formid=\"2024\" method=\"post\" enctype=\"multipart\/form-data\" action=\"\/en\/wp-json\/wp\/v2\/pages\/35\" data-token=\"e02de5f03e17c13710b9cd72f93c6dd2\" data-token-time=\"1776231893\"><noscript class=\"wpforms-error-noscript\">Please enable JavaScript in your browser to complete this form.<\/noscript><div id=\"wpforms-error-noscript\" style=\"display: none;\">Please enable JavaScript in your browser to complete this form.<\/div><div class=\"wpforms-field-container\"><div id=\"wpforms-2024-field_1-container\" class=\"wpforms-field wpforms-field-name\" data-field-id=\"1\"><label class=\"wpforms-field-label wpforms-label-hide\" for=\"wpforms-2024-field_1\" aria-hidden=\"false\">Nombre <span class=\"wpforms-required-label\" aria-hidden=\"true\">*<\/span><\/label><input type=\"text\" id=\"wpforms-2024-field_1\" class=\"wpforms-field-large wpforms-field-required\" name=\"wpforms[fields][1]\" placeholder=\"Nombre\" aria-errormessage=\"wpforms-2024-field_1-error\" required><\/div><div id=\"wpforms-2024-field_2-container\" class=\"wpforms-field wpforms-field-phone\" data-field-id=\"2\"><label class=\"wpforms-field-label wpforms-label-hide\" for=\"wpforms-2024-field_2\" aria-hidden=\"false\">Tel\u00e9fono <span class=\"wpforms-required-label\" aria-hidden=\"true\">*<\/span><\/label><input type=\"tel\" id=\"wpforms-2024-field_2\" class=\"wpforms-field-large wpforms-field-required wpforms-smart-phone-field\" data-rule-smart-phone-field=\"true\" name=\"wpforms[fields][2]\" placeholder=\"Tel\u00e9fono de Contacto\" aria-label=\"Tel\u00e9fono\" aria-errormessage=\"wpforms-2024-field_2-error\" required><\/div><div id=\"wpforms-2024-field_3-container\" class=\"wpforms-field wpforms-field-email\" data-field-id=\"3\"><label class=\"wpforms-field-label wpforms-label-hide\" for=\"wpforms-2024-field_3\" aria-hidden=\"false\">Correo electr\u00f3nico <span class=\"wpforms-required-label\" aria-hidden=\"true\">*<\/span><\/label><input type=\"email\" id=\"wpforms-2024-field_3\" class=\"wpforms-field-large wpforms-field-required\" name=\"wpforms[fields][3]\" placeholder=\"Correo electr\u00f3nico\" spellcheck=\"false\" aria-errormessage=\"wpforms-2024-field_3-error\" required><\/div><div id=\"wpforms-2024-field_4-container\" class=\"wpforms-field wpforms-field-text\" data-field-id=\"4\"><label class=\"wpforms-field-label wpforms-label-hide\" for=\"wpforms-2024-field_4\" aria-hidden=\"false\">Servicio que Requiere <span class=\"wpforms-required-label\" aria-hidden=\"true\">*<\/span><\/label><input type=\"text\" id=\"wpforms-2024-field_4\" class=\"wpforms-field-large wpforms-field-required\" name=\"wpforms[fields][4]\" placeholder=\"Servicio que Requiere\" aria-errormessage=\"wpforms-2024-field_4-error\" required><\/div><div id=\"wpforms-2024-field_5-container\" class=\"wpforms-field wpforms-field-textarea\" data-field-id=\"5\"><label class=\"wpforms-field-label wpforms-label-hide\" for=\"wpforms-2024-field_5\" aria-hidden=\"false\">Mensaje Adicional<\/label><textarea id=\"wpforms-2024-field_5\" class=\"wpforms-field-large\" name=\"wpforms[fields][5]\" placeholder=\"Mensaje Adicional\" aria-errormessage=\"wpforms-2024-field_5-error\" ><\/textarea><\/div><\/div><!-- .wpforms-field-container --><div class=\"wpforms-submit-container\" ><input type=\"hidden\" name=\"wpforms[id]\" value=\"2024\"><input type=\"hidden\" name=\"page_title\" value=\"\"><input type=\"hidden\" name=\"page_url\" value=\"https:\/\/refine.com.mx\/en\/wp-json\/wp\/v2\/pages\/35\"><input type=\"hidden\" name=\"url_referer\" value=\"\"><button type=\"submit\" name=\"wpforms[submit]\" id=\"wpforms-submit-2024\" class=\"wpforms-submit\" data-alt-text=\"Enviando...\" data-submit-text=\"Enviar\" aria-live=\"assertive\" value=\"wpforms-submit\">Enviar<\/button><img decoding=\"async\" src=\"https:\/\/refine.com.mx\/wp-content\/plugins\/wpforms\/assets\/images\/submit-spin.svg\" class=\"wpforms-submit-spinner\" style=\"display: none;\" width=\"26\" height=\"26\" alt=\"Loading\"><\/div><\/form><\/div>  <!-- .wpforms-container -->\t\t\t\t<\/div>\n\t\t\t\t<\/div>\n\t\t\t\t\t<\/div>\n\t\t<\/div>\n\t\t\t\t\t<\/div>\n\t\t<\/section>\n\t\t\t\t\t<\/div>\n\t\t<\/div>\n\t\t\t\t\t<\/div>\n\t\t<\/section>\n\t\t\t\t<section class=\"elementor-section elementor-top-section elementor-element elementor-element-ac2f7cd elementor-section-full_width elementor-section-height-default elementor-section-height-default\" data-id=\"ac2f7cd\" data-element_type=\"section\" data-e-type=\"section\">\n\t\t\t\t\t\t<div class=\"elementor-container elementor-column-gap-default\">\n\t\t\t\t\t<div class=\"elementor-column elementor-col-100 elementor-top-column elementor-element elementor-element-0703072\" data-id=\"0703072\" data-element_type=\"column\" data-e-type=\"column\">\n\t\t\t<div class=\"elementor-widget-wrap elementor-element-populated\">\n\t\t\t\t\t\t<div class=\"elementor-element elementor-element-8bc58f8 elementor-widget elementor-widget-transpi-heading\" data-id=\"8bc58f8\" data-element_type=\"widget\" data-e-type=\"widget\" data-widget_type=\"transpi-heading.default\">\n\t\t\t\t<div class=\"elementor-widget-container\">\n\t\t\t\t\t<div class=\"transpi__section-heading transpialigh\">\r\n        <div class=\"transpi__sub-heaind\">\r\n        <span>UB\u00cdCANOS<\/span>\r\n    <\/div>\r\n        <h2 class=\"transpi__heading-title spilit__enable split-in-right\">GEOGR\u00c1FICAMENTE<\/h2>            <p>REFINE se encuentra ubicado a un costado de la Aduana de Reynosa y el Puente Internacional Pharr.<\/p>\r\n    <\/div>\t\t\t\t<\/div>\n\t\t\t\t<\/div>\n\t\t\t\t<div class=\"elementor-element elementor-element-e472889 elementor-widget elementor-widget-google_maps\" data-id=\"e472889\" data-element_type=\"widget\" data-e-type=\"widget\" data-widget_type=\"google_maps.default\">\n\t\t\t\t<div class=\"elementor-widget-container\">\n\t\t\t\t\t\t\t<div class=\"elementor-custom-embed\">\n\t\t\t<iframe loading=\"lazy\"\n\t\t\t\t\tsrc=\"https:\/\/maps.google.com\/maps?q=recintos%20fiscalizados%20del%20noreste&#038;t=m&#038;z=17&#038;output=embed&#038;iwloc=near\"\n\t\t\t\t\ttitle=\"recintos fiscalizados del noreste\"\n\t\t\t\t\taria-label=\"recintos fiscalizados del noreste\"\n\t\t\t><\/iframe>\n\t\t<\/div>\n\t\t\t\t\t\t<\/div>\n\t\t\t\t<\/div>\n\t\t\t\t\t<\/div>\n\t\t<\/div>\n\t\t\t\t\t<\/div>\n\t\t<\/section>\n\t\t\t\t<\/div>\n\t\t","protected":false},"excerpt":{"rendered":"<p>Cont\u00e1ctanos Te invitamos a conversar con uno de nuestros asesores expertos Ll\u00e1manos 899 167 1615 Escr\u00edbenos tomas.reyes@onestopgroup.com Ub\u00edcanos en Blvd. Luis Donaldo Colosio 200 M.A.G. Aduanales, Reynosa, Tamaulipas 88786 Mexico Estamos aqu\u00ed Para Ofrecerte Soluciones D\u00e9janos tu informaci\u00f3n de contacto y un Asesor Log\u00edstico se comunicar\u00e1 en breve para darte todas las respuestas que necesitas. [&hellip;]<\/p>\n","protected":false},"author":1,"featured_media":0,"parent":0,"menu_order":0,"comment_status":"closed","ping_status":"closed","template":"elementor_header_footer","meta":{"_joinchat":[],"footnotes":""},"class_list":["post-35","page","type-page","status-publish","hentry"],"_links":{"self":[{"href":"https:\/\/refine.com.mx\/en\/wp-json\/wp\/v2\/pages\/35","targetHints":{"allow":["GET"]}}],"collection":[{"href":"https:\/\/refine.com.mx\/en\/wp-json\/wp\/v2\/pages"}],"about":[{"href":"https:\/\/refine.com.mx\/en\/wp-json\/wp\/v2\/types\/page"}],"author":[{"embeddable":true,"href":"https:\/\/refine.com.mx\/en\/wp-json\/wp\/v2\/users\/1"}],"replies":[{"embeddable":true,"href":"https:\/\/refine.com.mx\/en\/wp-json\/wp\/v2\/comments?post=35"}],"version-history":[{"count":0,"href":"https:\/\/refine.com.mx\/en\/wp-json\/wp\/v2\/pages\/35\/revisions"}],"wp:attachment":[{"href":"https:\/\/refine.com.mx\/en\/wp-json\/wp\/v2\/media?parent=35"}],"curies":[{"name":"wp","href":"https:\/\/api.w.org\/{rel}","templated":true}]}}